{"id":148,"date":"2024-03-25T10:36:28","date_gmt":"2024-03-25T13:36:28","guid":{"rendered":"https:\/\/lp.helocoelho.com\/?page_id=148"},"modified":"2025-04-27T19:59:52","modified_gmt":"2025-04-27T22:59:52","slug":"home","status":"publish","type":"page","link":"https:\/\/lp.helocoelho.com\/","title":{"rendered":"Home"},"content":{"rendered":"\t\t<div data-elementor-type=\"wp-page\" data-elementor-id=\"148\" class=\"elementor elementor-148\" data-elementor-post-type=\"page\">\n\t\t\t\t<div class=\"elementor-element elementor-element-d8054c6 e-flex e-con-boxed e-con e-parent\" data-id=\"d8054c6\" data-element_type=\"container\" data-e-type=\"container\" data-settings=\"{&quot;background_background&quot;:&quot;classic&quot;}\">\n\t\t\t\t\t<div class=\"e-con-inner\">\n\t\t\t\t<div class=\"elementor-element elementor-element-29c89d1 elementor-widget elementor-widget-spacer\" data-id=\"29c89d1\" data-element_type=\"widget\" data-e-type=\"widget\" data-widget_type=\"spacer.default\">\n\t\t\t\t<div class=\"elementor-widget-container\">\n\t\t\t\t\t\t\t<div class=\"elementor-spacer\">\n\t\t\t<div class=\"elementor-spacer-inner\"><\/div>\n\t\t<\/div>\n\t\t\t\t\t\t<\/div>\n\t\t\t\t<\/div>\n\t\t\t\t<div class=\"elementor-element elementor-element-175bf4c elementor-widget elementor-widget-text-editor\" data-id=\"175bf4c\" data-element_type=\"widget\" data-e-type=\"widget\" data-widget_type=\"text-editor.default\">\n\t\t\t\t<div class=\"elementor-widget-container\">\n\t\t\t\t\t\t\t\t\t<div class=\"flex-1 overflow-hidden\"><div class=\"react-scroll-to-bottom--css-irayy-79elbk h-full\"><div class=\"react-scroll-to-bottom--css-irayy-1n7m0yu\"><div><div class=\"flex flex-col text-sm pb-9\"><div class=\"w-full text-token-text-primary\" data-testid=\"conversation-turn-34\"><div class=\"px-4 py-2 justify-center text-base md:gap-6 m-auto\"><div class=\"flex flex-1 text-base mx-auto gap-3 md:px-5 lg:px-1 xl:px-5 md:max-w-3xl lg:max-w-[40rem] xl:max-w-[48rem] group final-completion\"><div class=\"relative flex w-full flex-col agent-turn\"><div class=\"flex-col gap-1 md:gap-3\"><div class=\"flex flex-grow flex-col max-w-full\"><div class=\"min-h-[20px] text-message flex flex-col items-start gap-3 whitespace-pre-wrap break-words [.text-message+&amp;]:mt-5 overflow-x-auto\" data-message-author-role=\"assistant\" data-message-id=\"7e5b4dda-b1f3-47b8-8f6b-59ba9a6ebec7\"><div class=\"markdown prose w-full break-words dark:prose-invert dark\"><p><span style=\"color: #ffffff;\"><strong>Transforme Sua Cultura Empresarial: <span style=\"color: #d8c277;\">Liberte-se do Estresse e da Desconex\u00e3o<\/span>, Criando um Ambiente de Trabalho Espiritualmente Consciente, Colaborativo e Significativo!<\/strong><\/span><\/p><\/div><\/div><\/div><\/div><\/div><\/div><\/div><\/div><\/div><\/div><\/div><\/div><\/div>\t\t\t\t\t\t\t\t<\/div>\n\t\t\t\t<\/div>\n\t\t\t\t\t<\/div>\n\t\t\t\t<\/div>\n\t\t<div class=\"elementor-element elementor-element-f96198f e-flex e-con-boxed e-con e-parent\" data-id=\"f96198f\" data-element_type=\"container\" data-e-type=\"container\" data-settings=\"{&quot;background_background&quot;:&quot;classic&quot;}\">\n\t\t\t\t\t<div class=\"e-con-inner\">\n\t\t\t\t<div class=\"elementor-element elementor-element-0a56da6 elementor-widget elementor-widget-spacer\" data-id=\"0a56da6\" data-element_type=\"widget\" data-e-type=\"widget\" data-widget_type=\"spacer.default\">\n\t\t\t\t<div class=\"elementor-widget-container\">\n\t\t\t\t\t\t\t<div class=\"elementor-spacer\">\n\t\t\t<div class=\"elementor-spacer-inner\"><\/div>\n\t\t<\/div>\n\t\t\t\t\t\t<\/div>\n\t\t\t\t<\/div>\n\t\t\t\t<div class=\"elementor-element elementor-element-22fa9f7 elementor-widget elementor-widget-text-editor\" data-id=\"22fa9f7\" data-element_type=\"widget\" data-e-type=\"widget\" data-widget_type=\"text-editor.default\">\n\t\t\t\t<div class=\"elementor-widget-container\">\n\t\t\t\t\t\t\t\t\t<div class=\"row flex flex--12 css-47r3vg\"><div class=\"composite flex__item--md-12 flex__item--xs-12 css-8x0d4x\"><div class=\"inner-composite flex flex--12\"><div class=\"widget-column flex__item--md-12 flex__item--xs-12\"><div class=\"widget-row flex flex--12\"><div class=\"flex__item--md-12 flex__item--xs-12\"><div class=\"widget\" data-widget-id=\"e5283629-94e6-8c3e-b7b1-6a89fc9bbcb5\"><div class=\"lp-text-react lp-headline-react\" data-widget-type=\"LpTextReact\"><p class=\"text-align-center font-scale-5 line-height-scale-1 gutter-bottom-1\">D\u00ea o play para ter uma vis\u00e3o geral do m\u00e9todo<\/p><\/div><\/div><\/div><\/div><\/div><\/div><\/div><\/div>\t\t\t\t\t\t\t\t<\/div>\n\t\t\t\t<\/div>\n\t\t\t\t<div class=\"elementor-element elementor-element-3327358 elementor-widget__width-initial elementor-widget elementor-widget-video\" data-id=\"3327358\" data-element_type=\"widget\" data-e-type=\"widget\" data-settings=\"{&quot;youtube_url&quot;:&quot;https:\\\/\\\/www.youtube.com\\\/watch?v=XHOmBV4js_E&quot;,&quot;video_type&quot;:&quot;youtube&quot;,&quot;controls&quot;:&quot;yes&quot;}\" data-widget_type=\"video.default\">\n\t\t\t\t<div class=\"elementor-widget-container\">\n\t\t\t\t\t\t\t<div class=\"elementor-wrapper elementor-open-inline\">\n\t\t\t<div class=\"elementor-video\"><\/div>\t\t<\/div>\n\t\t\t\t\t\t<\/div>\n\t\t\t\t<\/div>\n\t\t\t\t\t<\/div>\n\t\t\t\t<\/div>\n\t\t<div class=\"elementor-element elementor-element-619fc27 e-flex e-con-boxed e-con e-parent\" data-id=\"619fc27\" data-element_type=\"container\" data-e-type=\"container\" data-settings=\"{&quot;background_background&quot;:&quot;classic&quot;}\">\n\t\t\t\t\t<div class=\"e-con-inner\">\n\t\t<div class=\"elementor-element elementor-element-71d0a38 e-con-full e-flex e-con e-child\" data-id=\"71d0a38\" data-element_type=\"container\" data-e-type=\"container\">\n\t\t\t\t<div class=\"elementor-element elementor-element-fd8843d elementor-widget elementor-widget-text-editor\" data-id=\"fd8843d\" data-element_type=\"widget\" data-e-type=\"widget\" data-widget_type=\"text-editor.default\">\n\t\t\t\t<div class=\"elementor-widget-container\">\n\t\t\t\t\t\t\t\t\t<div class=\"column flex__item--md-6 flex__item--xs-12 css-1b5csnr\" data-guid=\"63a642e6-22a7-4c5b-d8d7-da7d9dfb6e0e\"><div class=\"inner-column css-efs6e5\"><div class=\"row flex flex--12 css-47r3vg\"><div class=\"composite flex__item--md-12 flex__item--xs-12 css-8x0d4x\"><div class=\"inner-composite flex flex--12\"><div class=\"widget-column flex__item--md-12 flex__item--xs-12\"><div class=\"widget-row flex flex--12\"><div class=\"flex__item--md-12 flex__item--xs-12\"><div class=\"widget\" data-widget-id=\"2e198389-58a1-7cba-93d7-98dfa4752bee\"><div class=\"lp-text-react lp-headline-react\" data-widget-type=\"LpTextReact\"><p class=\"text-align-left font-scale-5 line-height-scale-8 gutter-bottom-14\"><strong>Aqui est\u00e3o alguns motivos pelos quais o m\u00e9todo funciona t\u00e3o bem:<\/strong><\/p><ul><li><strong>Abordagem Hol\u00edstica:<\/strong> O m\u00e9todo adota uma abordagem hol\u00edstica que considera n\u00e3o apenas os aspectos pr\u00e1ticos e tang\u00edveis do ambiente de trabalho, mas tamb\u00e9m os aspectos emocionais, espirituais e sociais. Isso permite uma transforma\u00e7\u00e3o completa e duradoura em toda a organiza\u00e7\u00e3o.<\/li><li><p><strong>Alinhamento de Valores:<\/strong> Ao integrar a espiritualidade nas organiza\u00e7\u00f5es, o m\u00e9todo promove o alinhamento dos valores pessoais e organizacionais. Isso cria um ambiente onde os colaboradores se sentem mais conectados e engajados, trabalhando em dire\u00e7\u00e3o a objetivos comuns.<\/p><\/li><li><p><strong>Foco no Bem-Estar e na Cultura:<\/strong> O m\u00e9todo prioriza o bem-estar dos colaboradores e o cultivo de uma cultura empresarial saud\u00e1vel e positiva. Isso n\u00e3o s\u00f3 melhora o ambiente de trabalho, mas tamb\u00e9m contribui para a felicidade, produtividade e reten\u00e7\u00e3o de talentos.<\/p><\/li><li><p><strong>Lideran\u00e7a Consciente:<\/strong> A metodologia capacita os l\u00edderes a adotarem uma abordagem mais consciente e compassiva para liderar suas equipes. Isso cria um ambiente de confian\u00e7a, respeito e colabora\u00e7\u00e3o, onde os colaboradores se sentem valorizados e apoiados em seu crescimento pessoal e profissional.<\/p><\/li><li><p><strong>Adapta\u00e7\u00e3o \u00e0s Necessidades Individuais:<\/strong> O m\u00e9todo reconhece que cada organiza\u00e7\u00e3o \u00e9 \u00fanica e, portanto, oferece uma abordagem personalizada e adapt\u00e1vel. Isso permite que as empresas incorporem as pr\u00e1ticas espirituais de forma que melhor se adequem \u00e0s suas necessidades e cultura espec\u00edficas.<\/p><\/li><li><p>E muito, muito mais&#8230;<\/p><\/li><\/ul><\/div><\/div><\/div><\/div><\/div><\/div><\/div><\/div><\/div><\/div>\t\t\t\t\t\t\t\t<\/div>\n\t\t\t\t<\/div>\n\t\t\t\t<\/div>\n\t\t<div class=\"elementor-element elementor-element-37e49b7 e-con-full e-flex e-con e-child\" data-id=\"37e49b7\" data-element_type=\"container\" data-e-type=\"container\">\n\t\t\t\t<div class=\"elementor-element elementor-element-cf58dc0 elementor-widget elementor-widget-image\" data-id=\"cf58dc0\" data-element_type=\"widget\" data-e-type=\"widget\" data-widget_type=\"image.default\">\n\t\t\t\t<div class=\"elementor-widget-container\">\n\t\t\t\t\t\t\t\t\t\t\t\t\t\t\t<img decoding=\"async\" src=\"https:\/\/lp.helocoelho.com\/wp-content\/uploads\/2024\/04\/Design-sem-nome-37.png\" title=\"Design sem nome (37)\" alt=\"Design sem nome (37)\" loading=\"lazy\" \/>\t\t\t\t\t\t\t\t\t\t\t\t\t\t\t<\/div>\n\t\t\t\t<\/div>\n\t\t\t\t<div class=\"elementor-element elementor-element-fbc6380 elementor-widget elementor-widget-text-editor\" data-id=\"fbc6380\" data-element_type=\"widget\" data-e-type=\"widget\" data-widget_type=\"text-editor.default\">\n\t\t\t\t<div class=\"elementor-widget-container\">\n\t\t\t\t\t\t\t\t\t<p><em><b>Hel\u00f4 Coelho | Empreendedora, Palestrante e Mentora de Neg\u00f3cios&nbsp;<\/b><\/em><\/p>\n<div class=\"et_pb_section et_pb_section_1 et_section_regular\">\n<div class=\"et_pb_row et_pb_row_3\">\n<div class=\"et_pb_column et_pb_column_1_2 et_pb_column_4 et_pb_css_mix_blend_mode_passthrough et-last-child\">\n<div class=\"et_pb_module et_pb_text et_pb_text_7 et_pb_text_align_center et_pb_bg_layout_light\">\n<div class=\"et_pb_text_inner\">\n<p>Com 30 anos de carreira dedicada ao acolhimento humano, \u00e0 orienta\u00e7\u00e3o espiritual e \u00e0 gest\u00e3o de conflitos, trazendo comigo um profundo entendimento das complexidades das rela\u00e7\u00f5es humanas.<\/p>\n<\/div>\n<\/div>\n<\/div>\n<\/div>\n<\/div>\t\t\t\t\t\t\t\t<\/div>\n\t\t\t\t<\/div>\n\t\t\t\t<\/div>\n\t\t\t\t\t<\/div>\n\t\t\t\t<\/div>\n\t\t<div class=\"elementor-element elementor-element-13cd1e3 e-flex e-con-boxed e-con e-parent\" data-id=\"13cd1e3\" data-element_type=\"container\" data-e-type=\"container\" data-settings=\"{&quot;background_background&quot;:&quot;classic&quot;}\">\n\t\t\t\t\t<div class=\"e-con-inner\">\n\t\t\t\t<div class=\"elementor-element elementor-element-e9ba75f elementor-widget elementor-widget-heading\" data-id=\"e9ba75f\" data-element_type=\"widget\" data-e-type=\"widget\" data-widget_type=\"heading.default\">\n\t\t\t\t<div class=\"elementor-widget-container\">\n\t\t\t\t\t<h2 class=\"elementor-heading-title elementor-size-default\">Clique no Bot\u00e3o Abaixo e eu lhe enviarei todos os detalhes da estrat\u00e9gia<\/h2>\t\t\t\t<\/div>\n\t\t\t\t<\/div>\n\t\t\t\t<div class=\"elementor-element elementor-element-22ffbed elementor-widget elementor-widget-spacer\" data-id=\"22ffbed\" data-element_type=\"widget\" data-e-type=\"widget\" data-widget_type=\"spacer.default\">\n\t\t\t\t<div class=\"elementor-widget-container\">\n\t\t\t\t\t\t\t<div class=\"elementor-spacer\">\n\t\t\t<div class=\"elementor-spacer-inner\"><\/div>\n\t\t<\/div>\n\t\t\t\t\t\t<\/div>\n\t\t\t\t<\/div>\n\t\t\t\t<div class=\"elementor-element elementor-element-d4d76cf elementor-align-center elementor-widget__width-initial elementor-widget elementor-widget-button\" data-id=\"d4d76cf\" data-element_type=\"widget\" data-e-type=\"widget\" data-widget_type=\"button.default\">\n\t\t\t\t<div class=\"elementor-widget-container\">\n\t\t\t\t\t\t\t\t\t<div class=\"elementor-button-wrapper\">\n\t\t\t\t\t<a class=\"elementor-button elementor-button-link elementor-size-lg\" href=\"https:\/\/wa.me\/5548999601828\">\n\t\t\t\t\t\t<span class=\"elementor-button-content-wrapper\">\n\t\t\t\t\t\t\t\t\t<span class=\"elementor-button-text\">SIM! QUERO APLICAR AGORA<\/span>\n\t\t\t\t\t<\/span>\n\t\t\t\t\t<\/a>\n\t\t\t\t<\/div>\n\t\t\t\t\t\t\t\t<\/div>\n\t\t\t\t<\/div>\n\t\t\t\t<div class=\"elementor-element elementor-element-98573a2 elementor-widget elementor-widget-spacer\" data-id=\"98573a2\" data-element_type=\"widget\" data-e-type=\"widget\" data-widget_type=\"spacer.default\">\n\t\t\t\t<div class=\"elementor-widget-container\">\n\t\t\t\t\t\t\t<div class=\"elementor-spacer\">\n\t\t\t<div class=\"elementor-spacer-inner\"><\/div>\n\t\t<\/div>\n\t\t\t\t\t\t<\/div>\n\t\t\t\t<\/div>\n\t\t\t\t\t<\/div>\n\t\t\t\t<\/div>\n\t\t\t\t<section class=\"elementor-section elementor-top-section elementor-element elementor-element-6b5ef08 elementor-section-boxed elementor-section-height-default elementor-section-height-default\" data-id=\"6b5ef08\" data-element_type=\"section\" data-e-type=\"section\" data-settings=\"{&quot;background_background&quot;:&quot;gradient&quot;}\">\n\t\t\t\t\t\t<div class=\"elementor-container elementor-column-gap-default\">\n\t\t\t\t\t<div class=\"elementor-column elementor-col-100 elementor-top-column elementor-element elementor-element-7c0ce4f4\" data-id=\"7c0ce4f4\" data-element_type=\"column\" data-e-type=\"column\">\n\t\t\t<div class=\"elementor-widget-wrap elementor-element-populated\">\n\t\t\t\t\t\t<div class=\"elementor-element elementor-element-3b95328e elementor-widget elementor-widget-heading\" data-id=\"3b95328e\" data-element_type=\"widget\" data-e-type=\"widget\" data-widget_type=\"heading.default\">\n\t\t\t\t<div class=\"elementor-widget-container\">\n\t\t\t\t\t<h2 class=\"elementor-heading-title elementor-size-default\">2024 \u00a9 | Todos os direitos reservados.<\/h2>\t\t\t\t<\/div>\n\t\t\t\t<\/div>\n\t\t\t\t\t<\/div>\n\t\t<\/div>\n\t\t\t\t\t<\/div>\n\t\t<\/section>\n\t\t\t\t<\/div>\n\t\t","protected":false},"excerpt":{"rendered":"<p>Transforme Sua Cultura Empresarial: Liberte-se do Estresse e da Desconex\u00e3o, Criando um Ambiente de Trabalho Espiritualmente Consciente, Colaborativo e Significativo! D\u00ea o play para ter uma vis\u00e3o geral do m\u00e9todo https:\/\/www.youtube.com\/watch?v=XHOmBV4js_E Aqui est\u00e3o alguns motivos pelos quais o m\u00e9todo funciona t\u00e3o bem: Abordagem Hol\u00edstica: O m\u00e9todo adota uma abordagem hol\u00edstica que considera n\u00e3o apenas os [&hellip;]<\/p>\n","protected":false},"author":3,"featured_media":0,"parent":0,"menu_order":0,"comment_status":"closed","ping_status":"closed","template":"elementor_canvas","meta":{"footnotes":""},"class_list":["post-148","page","type-page","status-publish","hentry"],"_links":{"self":[{"href":"https:\/\/lp.helocoelho.com\/index.php\/wp-json\/wp\/v2\/pages\/148","targetHints":{"allow":["GET"]}}],"collection":[{"href":"https:\/\/lp.helocoelho.com\/index.php\/wp-json\/wp\/v2\/pages"}],"about":[{"href":"https:\/\/lp.helocoelho.com\/index.php\/wp-json\/wp\/v2\/types\/page"}],"author":[{"embeddable":true,"href":"https:\/\/lp.helocoelho.com\/index.php\/wp-json\/wp\/v2\/users\/3"}],"replies":[{"embeddable":true,"href":"https:\/\/lp.helocoelho.com\/index.php\/wp-json\/wp\/v2\/comments?post=148"}],"version-history":[{"count":124,"href":"https:\/\/lp.helocoelho.com\/index.php\/wp-json\/wp\/v2\/pages\/148\/revisions"}],"predecessor-version":[{"id":751,"href":"https:\/\/lp.helocoelho.com\/index.php\/wp-json\/wp\/v2\/pages\/148\/revisions\/751"}],"wp:attachment":[{"href":"https:\/\/lp.helocoelho.com\/index.php\/wp-json\/wp\/v2\/media?parent=148"}],"curies":[{"name":"wp","href":"https:\/\/api.w.org\/{rel}","templated":true}]}}